{"id":5440,"date":"2021-08-14T16:24:53","date_gmt":"2021-08-14T16:24:53","guid":{"rendered":"https:\/\/huzark.com\/en\/?post_type=product&#038;p=5440"},"modified":"2025-09-22T11:46:39","modified_gmt":"2025-09-22T11:46:39","slug":"huzark-4-0-2-2-3","status":"publish","type":"product","link":"https:\/\/huzark.com\/en\/produkty\/cigarette-packing-machines\/huzark-4-0-2-2-3\/","title":{"rendered":"CIGARETTE MANUAL PACKING MACHINE HUZARK M-3"},"content":{"rendered":"<pre id=\"tw-target-text\" class=\"tw-data-text tw-text-large XcVN5d tw-ta\" dir=\"ltr\" data-placeholder=\"T\u0142umaczenie\"><\/pre>\n<p>The device is extremely easy to use and fast. Place the cigarettes in a packet for cigarettes and use the handle to move the whole thing down, pushing the thimbles into the packets.<\/p>\n<p><strong>Product Details:<\/strong><\/p>\n<ul>\n<li>Real speed 6 pcs \/ min<\/li>\n<li>The device is used to pack cigarettes in boxes<\/li>\n<li>It has 3 positions<\/li>\n<li>Working on the device is easy and pleasant<\/li>\n<li>Recommended package dimensions: 5.5&#215;2.2&#215;8.8 &#8211; 5.8&#215;2.4&#215;8.8 cm<\/li>\n<li>Recommended diameter of the packed product: \u00d8 8 &#8211; 8.4 mm<\/li>\n<li>Maximum length of the packed product: 8.5 &#8211; 8.6 cm<\/li>\n<li>Weight: 6kg<\/li>\n<li>Size: 63x35x8cm<\/li>\n<\/ul>\n","protected":false},"excerpt":{"rendered":"<h1>CIGARETTE MANUAL PACKING MACHINE HUZARK M-3<\/h1>\n","protected":false},"featured_media":5441,"comment_status":"open","ping_status":"closed","template":"","meta":[],"yoast_head":"<!-- This site is optimized with the Yoast SEO plugin v19.6.1 - https:\/\/yoast.com\/wordpress\/plugins\/seo\/ -->\n<title>CIGARETTE MANUAL PACKING MACHINE HUZARK M-3 | HUZARK<\/title>\n<meta name=\"description\" content=\"Manual cigarette packing machine HUZARK M-3: 6 pcs\/min, 3\u2010slot, \u00d8 8-8.4 mm, max length 85-86 mm; recommended pack size 5.5\u00d72.2\u00d78.8-5.8\u00d72.4\u00d78.8 cm; 6 kg.\" \/>\n<meta name=\"robots\" content=\"index, follow, max-snippet:-1, max-image-preview:large, max-video-preview:-1\" \/>\n<link rel=\"canonical\" href=\"https:\/\/huzark.com\/en\/produkty\/cigarette-packing-machines\/huzark-4-0-2-2-3\/\" \/>\n<meta property=\"og:locale\" content=\"en_US\" \/>\n<meta property=\"og:type\" content=\"article\" \/>\n<meta property=\"og:title\" content=\"CIGARETTE MANUAL PACKING MACHINE HUZARK M-3 | HUZARK\" \/>\n<meta property=\"og:description\" content=\"Manual cigarette packing machine HUZARK M-3: 6 pcs\/min, 3\u2010slot, \u00d8 8-8.4 mm, max length 85-86 mm; recommended pack size 5.5\u00d72.2\u00d78.8-5.8\u00d72.4\u00d78.8 cm; 6 kg.\" \/>\n<meta property=\"og:url\" content=\"https:\/\/huzark.com\/en\/produkty\/cigarette-packing-machines\/huzark-4-0-2-2-3\/\" \/>\n<meta property=\"og:site_name\" content=\"HUZARK\" \/>\n<meta property=\"article:modified_time\" content=\"2025-09-22T11:46:39+00:00\" \/>\n<meta property=\"og:image\" content=\"https:\/\/huzark.com\/en\/wp-content\/uploads\/2021\/08\/as-scaled.jpg\" \/>\n\t<meta property=\"og:image:width\" content=\"2560\" \/>\n\t<meta property=\"og:image:height\" content=\"1458\" \/>\n\t<meta property=\"og:image:type\" content=\"image\/jpeg\" \/>\n<meta name=\"twitter:card\" content=\"summary_large_image\" \/>\n<meta name=\"twitter:label1\" content=\"Est. reading time\" \/>\n\t<meta name=\"twitter:data1\" content=\"1 minute\" \/>\n<script type=\"application\/ld+json\" class=\"yoast-schema-graph\">{\"@context\":\"https:\/\/schema.org\",\"@graph\":[{\"@type\":\"WebPage\",\"@id\":\"https:\/\/huzark.com\/en\/produkty\/cigarette-packing-machines\/huzark-4-0-2-2-3\/\",\"url\":\"https:\/\/huzark.com\/en\/produkty\/cigarette-packing-machines\/huzark-4-0-2-2-3\/\",\"name\":\"CIGARETTE MANUAL PACKING MACHINE HUZARK M-3 | HUZARK\",\"isPartOf\":{\"@id\":\"https:\/\/huzark.com\/en\/#website\"},\"datePublished\":\"2021-08-14T16:24:53+00:00\",\"dateModified\":\"2025-09-22T11:46:39+00:00\",\"description\":\"Manual cigarette packing machine HUZARK M-3: 6 pcs\/min, 3\u2010slot, \u00d8 8-8.4 mm, max length 85-86 mm; recommended pack size 5.5\u00d72.2\u00d78.8-5.8\u00d72.4\u00d78.8 cm; 6 kg.\",\"breadcrumb\":{\"@id\":\"https:\/\/huzark.com\/en\/produkty\/cigarette-packing-machines\/huzark-4-0-2-2-3\/#breadcrumb\"},\"inLanguage\":\"en-US\",\"potentialAction\":[{\"@type\":\"ReadAction\",\"target\":[\"https:\/\/huzark.com\/en\/produkty\/cigarette-packing-machines\/huzark-4-0-2-2-3\/\"]}]},{\"@type\":\"BreadcrumbList\",\"@id\":\"https:\/\/huzark.com\/en\/produkty\/cigarette-packing-machines\/huzark-4-0-2-2-3\/#breadcrumb\",\"itemListElement\":[{\"@type\":\"ListItem\",\"position\":1,\"name\":\"Home\",\"item\":\"https:\/\/huzark.com\/en\/\"},{\"@type\":\"ListItem\",\"position\":2,\"name\":\"Products\",\"item\":\"https:\/\/huzark.com\/en\/products-huzark\/\"},{\"@type\":\"ListItem\",\"position\":3,\"name\":\"CIGARETTE MANUAL PACKING MACHINE HUZARK M-3\"}]},{\"@type\":\"WebSite\",\"@id\":\"https:\/\/huzark.com\/en\/#website\",\"url\":\"https:\/\/huzark.com\/en\/\",\"name\":\"HUZARK\",\"description\":\"\",\"publisher\":{\"@id\":\"https:\/\/huzark.com\/en\/#organization\"},\"potentialAction\":[{\"@type\":\"SearchAction\",\"target\":{\"@type\":\"EntryPoint\",\"urlTemplate\":\"https:\/\/huzark.com\/en\/?s={search_term_string}\"},\"query-input\":\"required name=search_term_string\"}],\"inLanguage\":\"en-US\"},{\"@type\":\"Organization\",\"@id\":\"https:\/\/huzark.com\/en\/#organization\",\"name\":\"HUZARK - manufacturer of cigarette filling machine solutions\",\"url\":\"https:\/\/huzark.com\/en\/\",\"sameAs\":[],\"logo\":{\"@type\":\"ImageObject\",\"inLanguage\":\"en-US\",\"@id\":\"https:\/\/huzark.com\/en\/#\/schema\/logo\/image\/\",\"url\":\"https:\/\/huzark.com\/en\/wp-content\/uploads\/2021\/02\/logo-huzark.png\",\"contentUrl\":\"https:\/\/huzark.com\/en\/wp-content\/uploads\/2021\/02\/logo-huzark.png\",\"width\":242,\"height\":92,\"caption\":\"HUZARK - manufacturer of cigarette filling machine solutions\"},\"image\":{\"@id\":\"https:\/\/huzark.com\/en\/#\/schema\/logo\/image\/\"}}]}<\/script>\n<!-- \/ Yoast SEO plugin. -->","yoast_head_json":{"title":"CIGARETTE MANUAL PACKING MACHINE HUZARK M-3 | HUZARK","description":"Manual cigarette packing machine HUZARK M-3: 6 pcs\/min, 3\u2010slot, \u00d8 8-8.4 mm, max length 85-86 mm; recommended pack size 5.5\u00d72.2\u00d78.8-5.8\u00d72.4\u00d78.8 cm; 6 kg.","robots":{"index":"index","follow":"follow","max-snippet":"max-snippet:-1","max-image-preview":"max-image-preview:large","max-video-preview":"max-video-preview:-1"},"canonical":"https:\/\/huzark.com\/en\/produkty\/cigarette-packing-machines\/huzark-4-0-2-2-3\/","og_locale":"en_US","og_type":"article","og_title":"CIGARETTE MANUAL PACKING MACHINE HUZARK M-3 | HUZARK","og_description":"Manual cigarette packing machine HUZARK M-3: 6 pcs\/min, 3\u2010slot, \u00d8 8-8.4 mm, max length 85-86 mm; recommended pack size 5.5\u00d72.2\u00d78.8-5.8\u00d72.4\u00d78.8 cm; 6 kg.","og_url":"https:\/\/huzark.com\/en\/produkty\/cigarette-packing-machines\/huzark-4-0-2-2-3\/","og_site_name":"HUZARK","article_modified_time":"2025-09-22T11:46:39+00:00","og_image":[{"width":2560,"height":1458,"url":"https:\/\/huzark.com\/en\/wp-content\/uploads\/2021\/08\/as-scaled.jpg","type":"image\/jpeg"}],"twitter_card":"summary_large_image","twitter_misc":{"Est. reading time":"1 minute"},"schema":{"@context":"https:\/\/schema.org","@graph":[{"@type":"WebPage","@id":"https:\/\/huzark.com\/en\/produkty\/cigarette-packing-machines\/huzark-4-0-2-2-3\/","url":"https:\/\/huzark.com\/en\/produkty\/cigarette-packing-machines\/huzark-4-0-2-2-3\/","name":"CIGARETTE MANUAL PACKING MACHINE HUZARK M-3 | HUZARK","isPartOf":{"@id":"https:\/\/huzark.com\/en\/#website"},"datePublished":"2021-08-14T16:24:53+00:00","dateModified":"2025-09-22T11:46:39+00:00","description":"Manual cigarette packing machine HUZARK M-3: 6 pcs\/min, 3\u2010slot, \u00d8 8-8.4 mm, max length 85-86 mm; recommended pack size 5.5\u00d72.2\u00d78.8-5.8\u00d72.4\u00d78.8 cm; 6 kg.","breadcrumb":{"@id":"https:\/\/huzark.com\/en\/produkty\/cigarette-packing-machines\/huzark-4-0-2-2-3\/#breadcrumb"},"inLanguage":"en-US","potentialAction":[{"@type":"ReadAction","target":["https:\/\/huzark.com\/en\/produkty\/cigarette-packing-machines\/huzark-4-0-2-2-3\/"]}]},{"@type":"BreadcrumbList","@id":"https:\/\/huzark.com\/en\/produkty\/cigarette-packing-machines\/huzark-4-0-2-2-3\/#breadcrumb","itemListElement":[{"@type":"ListItem","position":1,"name":"Home","item":"https:\/\/huzark.com\/en\/"},{"@type":"ListItem","position":2,"name":"Products","item":"https:\/\/huzark.com\/en\/products-huzark\/"},{"@type":"ListItem","position":3,"name":"CIGARETTE MANUAL PACKING MACHINE HUZARK M-3"}]},{"@type":"WebSite","@id":"https:\/\/huzark.com\/en\/#website","url":"https:\/\/huzark.com\/en\/","name":"HUZARK","description":"","publisher":{"@id":"https:\/\/huzark.com\/en\/#organization"},"potentialAction":[{"@type":"SearchAction","target":{"@type":"EntryPoint","urlTemplate":"https:\/\/huzark.com\/en\/?s={search_term_string}"},"query-input":"required name=search_term_string"}],"inLanguage":"en-US"},{"@type":"Organization","@id":"https:\/\/huzark.com\/en\/#organization","name":"HUZARK - manufacturer of cigarette filling machine solutions","url":"https:\/\/huzark.com\/en\/","sameAs":[],"logo":{"@type":"ImageObject","inLanguage":"en-US","@id":"https:\/\/huzark.com\/en\/#\/schema\/logo\/image\/","url":"https:\/\/huzark.com\/en\/wp-content\/uploads\/2021\/02\/logo-huzark.png","contentUrl":"https:\/\/huzark.com\/en\/wp-content\/uploads\/2021\/02\/logo-huzark.png","width":242,"height":92,"caption":"HUZARK - manufacturer of cigarette filling machine solutions"},"image":{"@id":"https:\/\/huzark.com\/en\/#\/schema\/logo\/image\/"}}]}},"_links":{"self":[{"href":"https:\/\/huzark.com\/en\/wp-json\/wp\/v2\/product\/5440"}],"collection":[{"href":"https:\/\/huzark.com\/en\/wp-json\/wp\/v2\/product"}],"about":[{"href":"https:\/\/huzark.com\/en\/wp-json\/wp\/v2\/types\/product"}],"replies":[{"embeddable":true,"href":"https:\/\/huzark.com\/en\/wp-json\/wp\/v2\/comments?post=5440"}],"wp:featuredmedia":[{"embeddable":true,"href":"https:\/\/huzark.com\/en\/wp-json\/wp\/v2\/media\/5441"}],"wp:attachment":[{"href":"https:\/\/huzark.com\/en\/wp-json\/wp\/v2\/media?parent=5440"}],"curies":[{"name":"wp","href":"https:\/\/api.w.org\/{rel}","templated":true}]}}